{"id":9286,"date":"2024-10-05T08:53:47","date_gmt":"2024-10-05T08:53:47","guid":{"rendered":"https:\/\/www.rhuitsept.fr\/?post_type=product&#038;p=9286"},"modified":"2025-12-09T11:16:24","modified_gmt":"2025-12-09T11:16:24","slug":"cable-jack-guitare-silent-neutrik-sommer","status":"publish","type":"product","link":"https:\/\/www.rhuitsept.fr\/en\/product\/cable-jack-guitare-silent-neutrik-sommer\/","title":{"rendered":"Silent guitar cable"},"content":{"rendered":"<p class=\"p3 translation-block\">Tired of noise when you plug in your guitar? Our silent guitar jack cable automatically mutes the sound using a Neutrik SilentPlug connector.<\/p>\n<ul>\n<li class=\"p3\">\u2705 <span class=\"s2\"><b>Eliminates plug noise<\/b><\/span> \u2192 No \u2018poc\u2019, no stress.<\/li>\n<li class=\"p3\">\u2705 <span class=\"s2\"><b>Premium components<\/b><\/span> \u2192 Neutrik connectors + Sommer cable.<\/li>\n<li class=\"p3\">\u2705 <span class=\"s2\"><b>1000 cycles guaranteed<\/b><\/span> \u2192 Longevity assured.<\/li>\n<\/ul>\n<hr \/>\n<p class=\"p3\">\ud83d\udccf <span class=\"s2\"><b>Length:<\/b><\/span> 3m or 6m (others lengths <a href=\"https:\/\/www.rhuitsept.fr\/en\/contact\/\">on demand<\/a>).<\/p>\n<p>\u26a0\ufe0f <span class=\"s2\"><b>Warning!<\/b><\/span> The Silent connector must be plugged into the guitar, not the amp or pedalboard.<\/p>\n<p>\ud83d\udca1<i>*our cables are made to order <\/i>\ud83d\udc49<i> more information about lead times in FAQ's tab<\/i><\/p>","protected":false},"excerpt":{"rendered":"<p><span class=\"s1\">\ud83d\udd07 <\/span><b>Total silence, zero \u2018poc\u2019!<\/b><\/p>","protected":false},"featured_media":9282,"comment_status":"open","ping_status":"closed","template":"","meta":[],"product_brand":[129],"product_cat":[74],"product_tag":[128,143,151,171,146,162],"class_list":{"0":"post-9286","1":"product","2":"type-product","3":"status-publish","4":"has-post-thumbnail","6":"product_brand-rhuitsept","7":"product_cat-cables","8":"product_tag-cable","9":"product_tag-jack","10":"product_tag-neutrik","11":"product_tag-nobuzz","12":"product_tag-rhuitsept","13":"product_tag-silence","14":"product_shipping_class-produit_simple","16":"entry","17":"has-media","19":"first","20":"instock","21":"shipping-taxable","22":"purchasable","23":"product-type-variable","24":"has-rating","25":"has-product-nav","26":"col","27":"span_1_of_3","28":"owp-content-center","29":"owp-thumbs-layout-horizontal","30":"owp-btn-normal","31":"owp-tabs-layout-vertical","32":"has-no-thumbnails"},"yoast_head":"<!-- This site is optimized with the Yoast SEO plugin v27.1.1 - https:\/\/yoast.com\/product\/yoast-seo-wordpress\/ -->\n<title>C\u00e2ble jack guitare SILENCIEUX &#8211; rhuitsept<\/title>\n<meta name=\"description\" content=\"Marre du bruit parasite quand tu branches ta guitare ? Notre c\u00e2ble jack guitare silencieux coupe le son automatiquement gr\u00e2ce \u00e0 un connecteur SilentPlug.\" \/>\n<meta name=\"robots\" content=\"index, follow, max-snippet:-1, max-image-preview:large, max-video-preview:-1\" \/>\n<link rel=\"canonical\" href=\"https:\/\/www.rhuitsept.fr\/en\/product\/cable-jack-guitare-silent-neutrik-sommer\/\" \/>\n<meta name=\"twitter:card\" content=\"summary_large_image\" \/>\n<meta name=\"twitter:title\" content=\"C\u00e2ble jack guitare SILENCIEUX &#8211; rhuitsept\" \/>\n<meta name=\"twitter:description\" content=\"Marre du bruit parasite quand tu branches ta guitare ? Notre c\u00e2ble jack guitare silencieux coupe le son automatiquement gr\u00e2ce \u00e0 un connecteur SilentPlug.\" \/>\n<meta name=\"twitter:image\" content=\"https:\/\/www.rhuitsept.fr\/wp-content\/uploads\/2024\/10\/jack_droit_silent_1.jpg\" \/>\n<meta name=\"twitter:label1\" content=\"Est. reading time\" \/>\n\t<meta name=\"twitter:data1\" content=\"1 minute\" \/>\n<script type=\"application\/ld+json\" class=\"yoast-schema-graph\">{\"@context\":\"https:\/\/schema.org\",\"@graph\":[{\"@type\":\"WebPage\",\"@id\":\"https:\/\/www.rhuitsept.fr\/produit\/cable-jack-guitare-silent-neutrik-sommer\/\",\"url\":\"https:\/\/www.rhuitsept.fr\/produit\/cable-jack-guitare-silent-neutrik-sommer\/\",\"name\":\"C\u00e2ble jack guitare SILENCIEUX &#8211; rhuitsept\",\"isPartOf\":{\"@id\":\"https:\/\/www.rhuitsept.fr\/#website\"},\"primaryImageOfPage\":{\"@id\":\"https:\/\/www.rhuitsept.fr\/produit\/cable-jack-guitare-silent-neutrik-sommer\/#primaryimage\"},\"image\":{\"@id\":\"https:\/\/www.rhuitsept.fr\/produit\/cable-jack-guitare-silent-neutrik-sommer\/#primaryimage\"},\"thumbnailUrl\":\"https:\/\/www.rhuitsept.fr\/wp-content\/uploads\/2024\/10\/jack_droit_silent_1.jpg\",\"datePublished\":\"2024-10-05T08:53:47+00:00\",\"dateModified\":\"2025-12-09T11:16:24+00:00\",\"description\":\"Marre du bruit parasite quand tu branches ta guitare ? Notre c\u00e2ble jack guitare silencieux coupe le son automatiquement gr\u00e2ce \u00e0 un connecteur SilentPlug.\",\"breadcrumb\":{\"@id\":\"https:\/\/www.rhuitsept.fr\/produit\/cable-jack-guitare-silent-neutrik-sommer\/#breadcrumb\"},\"inLanguage\":\"en-EU\",\"potentialAction\":[{\"@type\":\"ReadAction\",\"target\":[\"https:\/\/www.rhuitsept.fr\/produit\/cable-jack-guitare-silent-neutrik-sommer\/\"]}]},{\"@type\":\"ImageObject\",\"inLanguage\":\"en-EU\",\"@id\":\"https:\/\/www.rhuitsept.fr\/produit\/cable-jack-guitare-silent-neutrik-sommer\/#primaryimage\",\"url\":\"https:\/\/www.rhuitsept.fr\/wp-content\/uploads\/2024\/10\/jack_droit_silent_1.jpg\",\"contentUrl\":\"https:\/\/www.rhuitsept.fr\/wp-content\/uploads\/2024\/10\/jack_droit_silent_1.jpg\",\"width\":1080,\"height\":1080,\"caption\":\"c\u00e2ble jack guitare haut de gamme silencieux\"},{\"@type\":\"BreadcrumbList\",\"@id\":\"https:\/\/www.rhuitsept.fr\/produit\/cable-jack-guitare-silent-neutrik-sommer\/#breadcrumb\",\"itemListElement\":[{\"@type\":\"ListItem\",\"position\":1,\"name\":\"Boutique\",\"item\":\"https:\/\/www.rhuitsept.fr\/shop\/\"},{\"@type\":\"ListItem\",\"position\":2,\"name\":\"C\u00e2bles\",\"item\":\"https:\/\/www.rhuitsept.fr\/categorie-produit\/cables\/\"},{\"@type\":\"ListItem\",\"position\":3,\"name\":\"C\u00e2ble jack guitare SILENCIEUX\"}]},{\"@type\":\"WebSite\",\"@id\":\"https:\/\/www.rhuitsept.fr\/#website\",\"url\":\"https:\/\/www.rhuitsept.fr\/\",\"name\":\"rhuitsept\",\"description\":\"Atelier 100% pedalboards made in France\",\"publisher\":{\"@id\":\"https:\/\/www.rhuitsept.fr\/#organization\"},\"potentialAction\":[{\"@type\":\"SearchAction\",\"target\":{\"@type\":\"EntryPoint\",\"urlTemplate\":\"https:\/\/www.rhuitsept.fr\/?s={search_term_string}\"},\"query-input\":{\"@type\":\"PropertyValueSpecification\",\"valueRequired\":true,\"valueName\":\"search_term_string\"}}],\"inLanguage\":\"en-EU\"},{\"@type\":\"Organization\",\"@id\":\"https:\/\/www.rhuitsept.fr\/#organization\",\"name\":\"rhuitsept\",\"url\":\"https:\/\/www.rhuitsept.fr\/\",\"logo\":{\"@type\":\"ImageObject\",\"inLanguage\":\"en-EU\",\"@id\":\"https:\/\/www.rhuitsept.fr\/#\/schema\/logo\/image\/\",\"url\":\"https:\/\/www.rhuitsept.fr\/wp-content\/uploads\/2020\/08\/LOGO_mini.png\",\"contentUrl\":\"https:\/\/www.rhuitsept.fr\/wp-content\/uploads\/2020\/08\/LOGO_mini.png\",\"width\":378,\"height\":378,\"caption\":\"rhuitsept\"},\"image\":{\"@id\":\"https:\/\/www.rhuitsept.fr\/#\/schema\/logo\/image\/\"},\"sameAs\":[\"https:\/\/www.facebook.com\/rhuitsept\",\"https:\/\/www.instagram.com\/rhuitsept\/\",\"https:\/\/www.youtube.com\/channel\/UC-rdiYbRcExwH5fzeduXUkA\"]}]}<\/script>\n<!-- \/ Yoast SEO plugin. -->","yoast_head_json":{"title":"C\u00e2ble jack guitare SILENCIEUX &#8211; rhuitsept","description":"Marre du bruit parasite quand tu branches ta guitare ? Notre c\u00e2ble jack guitare silencieux coupe le son automatiquement gr\u00e2ce \u00e0 un connecteur SilentPlug.","robots":{"index":"index","follow":"follow","max-snippet":"max-snippet:-1","max-image-preview":"max-image-preview:large","max-video-preview":"max-video-preview:-1"},"canonical":"https:\/\/www.rhuitsept.fr\/en\/product\/cable-jack-guitare-silent-neutrik-sommer\/","twitter_card":"summary_large_image","twitter_title":"C\u00e2ble jack guitare SILENCIEUX &#8211; rhuitsept","twitter_description":"Marre du bruit parasite quand tu branches ta guitare ? Notre c\u00e2ble jack guitare silencieux coupe le son automatiquement gr\u00e2ce \u00e0 un connecteur SilentPlug.","twitter_image":"https:\/\/www.rhuitsept.fr\/wp-content\/uploads\/2024\/10\/jack_droit_silent_1.jpg","twitter_misc":{"Est. reading time":"1 minute"},"schema":{"@context":"https:\/\/schema.org","@graph":[{"@type":"WebPage","@id":"https:\/\/www.rhuitsept.fr\/produit\/cable-jack-guitare-silent-neutrik-sommer\/","url":"https:\/\/www.rhuitsept.fr\/produit\/cable-jack-guitare-silent-neutrik-sommer\/","name":"C\u00e2ble jack guitare SILENCIEUX &#8211; rhuitsept","isPartOf":{"@id":"https:\/\/www.rhuitsept.fr\/#website"},"primaryImageOfPage":{"@id":"https:\/\/www.rhuitsept.fr\/produit\/cable-jack-guitare-silent-neutrik-sommer\/#primaryimage"},"image":{"@id":"https:\/\/www.rhuitsept.fr\/produit\/cable-jack-guitare-silent-neutrik-sommer\/#primaryimage"},"thumbnailUrl":"https:\/\/www.rhuitsept.fr\/wp-content\/uploads\/2024\/10\/jack_droit_silent_1.jpg","datePublished":"2024-10-05T08:53:47+00:00","dateModified":"2025-12-09T11:16:24+00:00","description":"Marre du bruit parasite quand tu branches ta guitare ? Notre c\u00e2ble jack guitare silencieux coupe le son automatiquement gr\u00e2ce \u00e0 un connecteur SilentPlug.","breadcrumb":{"@id":"https:\/\/www.rhuitsept.fr\/produit\/cable-jack-guitare-silent-neutrik-sommer\/#breadcrumb"},"inLanguage":"en-EU","potentialAction":[{"@type":"ReadAction","target":["https:\/\/www.rhuitsept.fr\/produit\/cable-jack-guitare-silent-neutrik-sommer\/"]}]},{"@type":"ImageObject","inLanguage":"en-EU","@id":"https:\/\/www.rhuitsept.fr\/produit\/cable-jack-guitare-silent-neutrik-sommer\/#primaryimage","url":"https:\/\/www.rhuitsept.fr\/wp-content\/uploads\/2024\/10\/jack_droit_silent_1.jpg","contentUrl":"https:\/\/www.rhuitsept.fr\/wp-content\/uploads\/2024\/10\/jack_droit_silent_1.jpg","width":1080,"height":1080,"caption":"c\u00e2ble jack guitare haut de gamme silencieux"},{"@type":"BreadcrumbList","@id":"https:\/\/www.rhuitsept.fr\/produit\/cable-jack-guitare-silent-neutrik-sommer\/#breadcrumb","itemListElement":[{"@type":"ListItem","position":1,"name":"Boutique","item":"https:\/\/www.rhuitsept.fr\/shop\/"},{"@type":"ListItem","position":2,"name":"C\u00e2bles","item":"https:\/\/www.rhuitsept.fr\/categorie-produit\/cables\/"},{"@type":"ListItem","position":3,"name":"C\u00e2ble jack guitare SILENCIEUX"}]},{"@type":"WebSite","@id":"https:\/\/www.rhuitsept.fr\/#website","url":"https:\/\/www.rhuitsept.fr\/","name":"rhuitsept","description":"Atelier 100% pedalboards made in France","publisher":{"@id":"https:\/\/www.rhuitsept.fr\/#organization"},"potentialAction":[{"@type":"SearchAction","target":{"@type":"EntryPoint","urlTemplate":"https:\/\/www.rhuitsept.fr\/?s={search_term_string}"},"query-input":{"@type":"PropertyValueSpecification","valueRequired":true,"valueName":"search_term_string"}}],"inLanguage":"en-EU"},{"@type":"Organization","@id":"https:\/\/www.rhuitsept.fr\/#organization","name":"rhuitsept","url":"https:\/\/www.rhuitsept.fr\/","logo":{"@type":"ImageObject","inLanguage":"en-EU","@id":"https:\/\/www.rhuitsept.fr\/#\/schema\/logo\/image\/","url":"https:\/\/www.rhuitsept.fr\/wp-content\/uploads\/2020\/08\/LOGO_mini.png","contentUrl":"https:\/\/www.rhuitsept.fr\/wp-content\/uploads\/2020\/08\/LOGO_mini.png","width":378,"height":378,"caption":"rhuitsept"},"image":{"@id":"https:\/\/www.rhuitsept.fr\/#\/schema\/logo\/image\/"},"sameAs":["https:\/\/www.facebook.com\/rhuitsept","https:\/\/www.instagram.com\/rhuitsept\/","https:\/\/www.youtube.com\/channel\/UC-rdiYbRcExwH5fzeduXUkA"]}]}},"_links":{"self":[{"href":"https:\/\/www.rhuitsept.fr\/en\/wp-json\/wp\/v2\/product\/9286","targetHints":{"allow":["GET"]}}],"collection":[{"href":"https:\/\/www.rhuitsept.fr\/en\/wp-json\/wp\/v2\/product"}],"about":[{"href":"https:\/\/www.rhuitsept.fr\/en\/wp-json\/wp\/v2\/types\/product"}],"replies":[{"embeddable":true,"href":"https:\/\/www.rhuitsept.fr\/en\/wp-json\/wp\/v2\/comments?post=9286"}],"version-history":[{"count":3,"href":"https:\/\/www.rhuitsept.fr\/en\/wp-json\/wp\/v2\/product\/9286\/revisions"}],"predecessor-version":[{"id":10711,"href":"https:\/\/www.rhuitsept.fr\/en\/wp-json\/wp\/v2\/product\/9286\/revisions\/10711"}],"wp:featuredmedia":[{"embeddable":true,"href":"https:\/\/www.rhuitsept.fr\/en\/wp-json\/wp\/v2\/media\/9282"}],"wp:attachment":[{"href":"https:\/\/www.rhuitsept.fr\/en\/wp-json\/wp\/v2\/media?parent=9286"}],"wp:term":[{"taxonomy":"product_brand","embeddable":true,"href":"https:\/\/www.rhuitsept.fr\/en\/wp-json\/wp\/v2\/product_brand?post=9286"},{"taxonomy":"product_cat","embeddable":true,"href":"https:\/\/www.rhuitsept.fr\/en\/wp-json\/wp\/v2\/product_cat?post=9286"},{"taxonomy":"product_tag","embeddable":true,"href":"https:\/\/www.rhuitsept.fr\/en\/wp-json\/wp\/v2\/product_tag?post=9286"}],"curies":[{"name":"wp","href":"https:\/\/api.w.org\/{rel}","templated":true}]}}