{"id":5264,"date":"2023-06-08T09:32:26","date_gmt":"2023-06-08T09:32:26","guid":{"rendered":"https:\/\/www.rhuitsept.fr\/?page_id=5264"},"modified":"2026-01-24T14:07:42","modified_gmt":"2026-01-24T14:07:42","slug":"consulting","status":"publish","type":"page","link":"https:\/\/www.rhuitsept.fr\/en\/consulting\/","title":{"rendered":"consulting"},"content":{"rendered":"<div data-elementor-type=\"wp-page\" data-elementor-id=\"5264\" class=\"elementor elementor-5264\">\n\t\t\t\t\t\t<section class=\"elementor-section elementor-top-section elementor-element elementor-element-5b32789 elementor-section-height-min-height elementor-section-boxed elementor-section-height-default elementor-section-items-middle\" data-id=\"5b32789\" data-element_type=\"section\" data-e-type=\"section\" data-settings=\"{&quot;background_background&quot;:&quot;classic&quot;}\">\n\t\t\t\t\t\t<div class=\"elementor-container elementor-column-gap-default\">\n\t\t\t\t\t<div class=\"elementor-column elementor-col-100 elementor-top-column elementor-element elementor-element-d5b0088\" data-id=\"d5b0088\" data-element_type=\"column\" data-e-type=\"column\">\n\t\t\t<div class=\"elementor-widget-wrap elementor-element-populated\">\n\t\t\t\t\t\t<div class=\"elementor-element elementor-element-ce2313b elementor-widget elementor-widget-heading\" data-id=\"ce2313b\" data-element_type=\"widget\" data-e-type=\"widget\" data-widget_type=\"heading.default\">\n\t\t\t\t<div class=\"elementor-widget-container\">\n\t\t\t\t\t<h1 class=\"elementor-heading-title elementor-size-default\">-<\/h1>\t\t\t\t<\/div>\n\t\t\t\t<\/div>\n\t\t\t\t<div class=\"elementor-element elementor-element-9a502c4 elementor-widget elementor-widget-text-editor\" data-id=\"9a502c4\" data-element_type=\"widget\" data-e-type=\"widget\" data-widget_type=\"text-editor.default\">\n\t\t\t\t<div class=\"elementor-widget-container\">\n\t\t\t\t\t\t\t\t\t<p>Nous proposons des consultations pour t\u2019aider \u00e0 d\u00e9finir\/finaliser ton projet<\/p>\t\t\t\t\t\t\t\t<\/div>\n\t\t\t\t<\/div>\n\t\t\t\t\t<\/div>\n\t\t<\/div>\n\t\t\t\t\t<\/div>\n\t\t<\/section>\n\t\t\t\t<section class=\"elementor-section elementor-top-section elementor-element elementor-element-8874f3d elementor-section-boxed elementor-section-height-default elementor-section-height-default\" data-id=\"8874f3d\" data-element_type=\"section\" data-e-type=\"section\">\n\t\t\t\t\t\t<div class=\"elementor-container elementor-column-gap-default\">\n\t\t\t\t\t<div class=\"elementor-column elementor-col-100 elementor-top-column elementor-element elementor-element-975dc17\" data-id=\"975dc17\" data-element_type=\"column\" data-e-type=\"column\">\n\t\t\t<div class=\"elementor-widget-wrap elementor-element-populated\">\n\t\t\t\t\t\t<section class=\"elementor-section elementor-inner-section elementor-element elementor-element-9f3caca elementor-section-boxed elementor-section-height-default elementor-section-height-default\" data-id=\"9f3caca\" data-element_type=\"section\" data-e-type=\"section\">\n\t\t\t\t\t\t<div class=\"elementor-container elementor-column-gap-default\">\n\t\t\t\t\t<div class=\"elementor-column elementor-col-50 elementor-inner-column elementor-element elementor-element-18035e2\" data-id=\"18035e2\" data-element_type=\"column\" data-e-type=\"column\" data-settings=\"{&quot;animation&quot;:&quot;none&quot;}\">\n\t\t\t<div class=\"elementor-widget-wrap elementor-element-populated\">\n\t\t\t\t\t\t<div class=\"elementor-element elementor-element-dba56d0 elementor-widget elementor-widget-text-editor\" data-id=\"dba56d0\" data-element_type=\"widget\" data-e-type=\"widget\" data-widget_type=\"text-editor.default\">\n\t\t\t\t<div class=\"elementor-widget-container\">\n\t\t\t\t\t\t\t\t\t<h3>Qu\u2019est-ce qu\u2019un rendez-vous conseils ?<\/h3><p class=\"p1\">Tu as besoin d\u2019aide technique* pour d\u00e9finir et\/ou finaliser ton projet de pedalboard \ud83d\udc49 alors nos rendez-vous conseils sont pour toi !<\/p><p class=\"p1\">Lors d\u2019un rendez-vous conseils, nous \u00e9changeons avec toi afin de cerner tes besoins et attentes pour te proposer les solutions les plus adapt\u00e9es \u00e0 ton projet.<\/p><p class=\"p1\">Tu re\u00e7ois ensuite un bilan r\u00e9capitulatif de ton projet et des solutions possibles pour le mener \u00e0 bien.<\/p>\t\t\t\t\t\t\t\t<\/div>\n\t\t\t\t<\/div>\n\t\t\t\t<div class=\"elementor-element elementor-element-9a349e2 elementor-align-left elementor-widget elementor-widget-button\" data-id=\"9a349e2\" data-element_type=\"widget\" data-e-type=\"widget\" data-widget_type=\"button.default\">\n\t\t\t\t<div class=\"elementor-widget-container\">\n\t\t\t\t\t\t\t\t\t<div class=\"elementor-button-wrapper\">\n\t\t\t\t\t<a class=\"elementor-button elementor-button-link elementor-size-sm\" href=\"#\">\n\t\t\t\t\t\t<span class=\"elementor-button-content-wrapper\">\n\t\t\t\t\t\t\t\t\t<span class=\"elementor-button-text\">Prix : 29\u20ac<\/span>\n\t\t\t\t\t<\/span>\n\t\t\t\t\t<\/a>\n\t\t\t\t<\/div>\n\t\t\t\t\t\t\t\t<\/div>\n\t\t\t\t<\/div>\n\t\t\t\t<div class=\"elementor-element elementor-element-3c83b88 elementor-widget elementor-widget-text-editor\" data-id=\"3c83b88\" data-element_type=\"widget\" data-e-type=\"widget\" data-widget_type=\"text-editor.default\">\n\t\t\t\t<div class=\"elementor-widget-container\">\n\t\t\t\t\t\t\t\t\t<p class=\"p1\"><em>*concernant le sound design\/chainage de ton projet, nous pouvons simplement t\u2019apporter des pistes d\u2019exploration, mais nous ne pouvons pas finaliser celui-ci \u00e0 ta place, car cela reste tr\u00e8s personnel.<\/em><\/p>\t\t\t\t\t\t\t\t<\/div>\n\t\t\t\t<\/div>\n\t\t\t\t\t<\/div>\n\t\t<\/div>\n\t\t\t\t<div class=\"elementor-column elementor-col-50 elementor-inner-column elementor-element elementor-element-5dad116\" data-id=\"5dad116\" data-element_type=\"column\" data-e-type=\"column\" data-settings=\"{&quot;animation&quot;:&quot;none&quot;}\">\n\t\t\t<div class=\"elementor-widget-wrap elementor-element-populated\">\n\t\t\t\t\t\t<div class=\"elementor-element elementor-element-873a48c elementor-widget elementor-widget-text-editor\" data-id=\"873a48c\" data-element_type=\"widget\" data-e-type=\"widget\" data-widget_type=\"text-editor.default\">\n\t\t\t\t<div class=\"elementor-widget-container\">\n\t\t\t\t\t\t\t\t\t<h3>Ce qui est inclus dans un rendez-vous conseils :<\/h3>\n<ul>\n \t<li class=\"p1\">un rendez-vous t\u00e9l\u00e9phonique\/visio de 30 minutes<\/li>\n \t<li class=\"p1\">un bilan incluant un r\u00e9cap de ton projet et des solutions techniques ainsi que plan et diagrammes si besoin<\/li>\n \t<li class=\"p1\">un devis personnalis\u00e9 pour ton projet<\/li>\n<\/ul>\t\t\t\t\t\t\t\t<\/div>\n\t\t\t\t<\/div>\n\t\t\t\t<div class=\"elementor-element elementor-element-306062f elementor-widget elementor-widget-text-editor\" data-id=\"306062f\" data-element_type=\"widget\" data-e-type=\"widget\" data-widget_type=\"text-editor.default\">\n\t\t\t\t<div class=\"elementor-widget-container\">\n\t\t\t\t\t\t\t\t\t<h3>Comment se passe un rendez-vous conseil ?<\/h3><ol class=\"ol1\"><li class=\"li1\">tu cales un cr\u00e9neau via le formulaire ci-dessous<\/li><li class=\"li1\">tu recevras ensuite un lien de paiement pour valider celui-ci<\/li><li class=\"li1\">\u00e0 l\u2019heure du rendez-vous nous te contactons aux coordonn\u00e9es que tu nous as indiqu\u00e9es<\/li><li class=\"li1\">tu recevras quelques temps apr\u00e8s un bilan r\u00e9capitulatif<\/li><\/ol>\t\t\t\t\t\t\t\t<\/div>\n\t\t\t\t<\/div>\n\t\t\t\t\t<\/div>\n\t\t<\/div>\n\t\t\t\t\t<\/div>\n\t\t<\/section>\n\t\t\t\t\t<\/div>\n\t\t<\/div>\n\t\t\t\t\t<\/div>\n\t\t<\/section>\n\t\t\t\t<section class=\"elementor-section elementor-top-section elementor-element elementor-element-8cedb01 elementor-section-boxed elementor-section-height-default elementor-section-height-default elementor-invisible\" data-id=\"8cedb01\" data-element_type=\"section\" data-e-type=\"section\" data-settings=\"{&quot;animation&quot;:&quot;fadeInUp&quot;}\">\n\t\t\t\t\t\t<div class=\"elementor-container elementor-column-gap-default\">\n\t\t\t\t\t<div class=\"elementor-column elementor-col-100 elementor-top-column elementor-element elementor-element-e31d367\" data-id=\"e31d367\" data-element_type=\"column\" data-e-type=\"column\">\n\t\t\t<div class=\"elementor-widget-wrap elementor-element-populated\">\n\t\t\t\t\t\t<div class=\"elementor-element elementor-element-5a78435 elementor-widget elementor-widget-shortcode\" data-id=\"5a78435\" data-element_type=\"widget\" data-e-type=\"widget\" data-widget_type=\"shortcode.default\">\n\t\t\t\t<div class=\"elementor-widget-container\">\n\t\t\t\t\t\t\t<div class=\"elementor-shortcode\"><!-- D\u00e9but de widget en ligne Calendly -->\n<div class=\"calendly-inline-widget\" data-url=\"https:\/\/calendly.com\/rhuitsept?primary_color=c98544\" style=\"min-width:320px;height:700px;\"><\/div>\n<script type=\"text\/javascript\" src=\"https:\/\/assets.calendly.com\/assets\/external\/widget.js\" async><\/script>\n<!-- Fin de widget en ligne Calendly --><\/div>\n\t\t\t\t\t\t<\/div>\n\t\t\t\t<\/div>\n\t\t\t\t\t<\/div>\n\t\t<\/div>\n\t\t\t\t\t<\/div>\n\t\t<\/section>\n\t\t\t\t<\/div>","protected":false},"excerpt":{"rendered":"<p>rendez-vous conseils Nous proposons des consultations pour t\u2019aider \u00e0 d\u00e9finir\/finaliser ton projet Qu\u2019est-ce qu\u2019un rendez-vous conseils ? Tu as besoin d\u2019aide technique* pour d\u00e9finir et\/ou finaliser ton projet de pedalboard \ud83d\udc49 alors nos rendez-vous conseils sont pour toi ! Lors d\u2019un rendez-vous conseils, nous \u00e9changeons avec toi afin de cerner tes besoins et attentes pour [&hellip;]<\/p>\n","protected":false},"author":1,"featured_media":0,"parent":0,"menu_order":0,"comment_status":"closed","ping_status":"closed","template":"elementor_header_footer","meta":{"footnotes":""},"class_list":["post-5264","page","type-page","status-publish","hentry","entry","owp-thumbs-layout-horizontal","owp-btn-normal","owp-tabs-layout-vertical","has-no-thumbnails","has-product-nav"],"yoast_head":"<!-- This site is optimized with the Yoast SEO plugin v27.5 - https:\/\/yoast.com\/product\/yoast-seo-wordpress\/ -->\n<title>consulting &#8211; rhuitsept<\/title>\n<meta name=\"robots\" content=\"index, follow, max-snippet:-1, max-image-preview:large, max-video-preview:-1\" \/>\n<link rel=\"canonical\" href=\"https:\/\/www.rhuitsept.fr\/en\/consulting\/\" \/>\n<meta name=\"twitter:card\" content=\"summary_large_image\" \/>\n<meta name=\"twitter:title\" content=\"consulting &#8211; rhuitsept\" \/>\n<meta name=\"twitter:description\" content=\"rendez-vous conseils Nous proposons des consultations pour t\u2019aider \u00e0 d\u00e9finir\/finaliser ton projet Qu\u2019est-ce qu\u2019un rendez-vous conseils ? Tu as besoin d\u2019aide technique* pour d\u00e9finir et\/ou finaliser ton projet de pedalboard \ud83d\udc49 alors nos rendez-vous conseils sont pour toi ! Lors d\u2019un rendez-vous conseils, nous \u00e9changeons avec toi afin de cerner tes besoins et attentes pour [&hellip;]\" \/>\n<meta name=\"twitter:label1\" content=\"Est. reading time\" \/>\n\t<meta name=\"twitter:data1\" content=\"1 minute\" \/>\n<script type=\"application\/ld+json\" class=\"yoast-schema-graph\">{\"@context\":\"https:\\\/\\\/schema.org\",\"@graph\":[{\"@type\":\"WebPage\",\"@id\":\"https:\\\/\\\/www.rhuitsept.fr\\\/consulting\\\/\",\"url\":\"https:\\\/\\\/www.rhuitsept.fr\\\/consulting\\\/\",\"name\":\"consulting &#8211; rhuitsept\",\"isPartOf\":{\"@id\":\"https:\\\/\\\/www.rhuitsept.fr\\\/#website\"},\"datePublished\":\"2023-06-08T09:32:26+00:00\",\"dateModified\":\"2026-01-24T14:07:42+00:00\",\"inLanguage\":\"en-EU\",\"potentialAction\":[{\"@type\":\"ReadAction\",\"target\":[\"https:\\\/\\\/www.rhuitsept.fr\\\/consulting\\\/\"]}]},{\"@type\":\"WebSite\",\"@id\":\"https:\\\/\\\/www.rhuitsept.fr\\\/#website\",\"url\":\"https:\\\/\\\/www.rhuitsept.fr\\\/\",\"name\":\"rhuitsept\",\"description\":\"Atelier 100% pedalboards made in France\",\"publisher\":{\"@id\":\"https:\\\/\\\/www.rhuitsept.fr\\\/#organization\"},\"potentialAction\":[{\"@type\":\"SearchAction\",\"target\":{\"@type\":\"EntryPoint\",\"urlTemplate\":\"https:\\\/\\\/www.rhuitsept.fr\\\/?s={search_term_string}\"},\"query-input\":{\"@type\":\"PropertyValueSpecification\",\"valueRequired\":true,\"valueName\":\"search_term_string\"}}],\"inLanguage\":\"en-EU\"},{\"@type\":\"Organization\",\"@id\":\"https:\\\/\\\/www.rhuitsept.fr\\\/#organization\",\"name\":\"rhuitsept\",\"url\":\"https:\\\/\\\/www.rhuitsept.fr\\\/\",\"logo\":{\"@type\":\"ImageObject\",\"inLanguage\":\"en-EU\",\"@id\":\"https:\\\/\\\/www.rhuitsept.fr\\\/#\\\/schema\\\/logo\\\/image\\\/\",\"url\":\"https:\\\/\\\/www.rhuitsept.fr\\\/wp-content\\\/uploads\\\/2020\\\/08\\\/LOGO_mini.png\",\"contentUrl\":\"https:\\\/\\\/www.rhuitsept.fr\\\/wp-content\\\/uploads\\\/2020\\\/08\\\/LOGO_mini.png\",\"width\":378,\"height\":378,\"caption\":\"rhuitsept\"},\"image\":{\"@id\":\"https:\\\/\\\/www.rhuitsept.fr\\\/#\\\/schema\\\/logo\\\/image\\\/\"},\"sameAs\":[\"https:\\\/\\\/www.facebook.com\\\/rhuitsept\",\"https:\\\/\\\/www.instagram.com\\\/rhuitsept\\\/\",\"https:\\\/\\\/www.youtube.com\\\/channel\\\/UC-rdiYbRcExwH5fzeduXUkA\"]}]}<\/script>\n<!-- \/ Yoast SEO plugin. -->","yoast_head_json":{"title":"consulting &#8211; rhuitsept","robots":{"index":"index","follow":"follow","max-snippet":"max-snippet:-1","max-image-preview":"max-image-preview:large","max-video-preview":"max-video-preview:-1"},"canonical":"https:\/\/www.rhuitsept.fr\/en\/consulting\/","twitter_card":"summary_large_image","twitter_title":"consulting &#8211; rhuitsept","twitter_description":"rendez-vous conseils Nous proposons des consultations pour t\u2019aider \u00e0 d\u00e9finir\/finaliser ton projet Qu\u2019est-ce qu\u2019un rendez-vous conseils ? Tu as besoin d\u2019aide technique* pour d\u00e9finir et\/ou finaliser ton projet de pedalboard \ud83d\udc49 alors nos rendez-vous conseils sont pour toi ! Lors d\u2019un rendez-vous conseils, nous \u00e9changeons avec toi afin de cerner tes besoins et attentes pour [&hellip;]","twitter_misc":{"Est. reading time":"1 minute"},"schema":{"@context":"https:\/\/schema.org","@graph":[{"@type":"WebPage","@id":"https:\/\/www.rhuitsept.fr\/consulting\/","url":"https:\/\/www.rhuitsept.fr\/consulting\/","name":"consulting &#8211; rhuitsept","isPartOf":{"@id":"https:\/\/www.rhuitsept.fr\/#website"},"datePublished":"2023-06-08T09:32:26+00:00","dateModified":"2026-01-24T14:07:42+00:00","inLanguage":"en-EU","potentialAction":[{"@type":"ReadAction","target":["https:\/\/www.rhuitsept.fr\/consulting\/"]}]},{"@type":"WebSite","@id":"https:\/\/www.rhuitsept.fr\/#website","url":"https:\/\/www.rhuitsept.fr\/","name":"rhuitsept","description":"Atelier 100% pedalboards made in France","publisher":{"@id":"https:\/\/www.rhuitsept.fr\/#organization"},"potentialAction":[{"@type":"SearchAction","target":{"@type":"EntryPoint","urlTemplate":"https:\/\/www.rhuitsept.fr\/?s={search_term_string}"},"query-input":{"@type":"PropertyValueSpecification","valueRequired":true,"valueName":"search_term_string"}}],"inLanguage":"en-EU"},{"@type":"Organization","@id":"https:\/\/www.rhuitsept.fr\/#organization","name":"rhuitsept","url":"https:\/\/www.rhuitsept.fr\/","logo":{"@type":"ImageObject","inLanguage":"en-EU","@id":"https:\/\/www.rhuitsept.fr\/#\/schema\/logo\/image\/","url":"https:\/\/www.rhuitsept.fr\/wp-content\/uploads\/2020\/08\/LOGO_mini.png","contentUrl":"https:\/\/www.rhuitsept.fr\/wp-content\/uploads\/2020\/08\/LOGO_mini.png","width":378,"height":378,"caption":"rhuitsept"},"image":{"@id":"https:\/\/www.rhuitsept.fr\/#\/schema\/logo\/image\/"},"sameAs":["https:\/\/www.facebook.com\/rhuitsept","https:\/\/www.instagram.com\/rhuitsept\/","https:\/\/www.youtube.com\/channel\/UC-rdiYbRcExwH5fzeduXUkA"]}]}},"_links":{"self":[{"href":"https:\/\/www.rhuitsept.fr\/en\/wp-json\/wp\/v2\/pages\/5264","targetHints":{"allow":["GET"]}}],"collection":[{"href":"https:\/\/www.rhuitsept.fr\/en\/wp-json\/wp\/v2\/pages"}],"about":[{"href":"https:\/\/www.rhuitsept.fr\/en\/wp-json\/wp\/v2\/types\/page"}],"author":[{"embeddable":true,"href":"https:\/\/www.rhuitsept.fr\/en\/wp-json\/wp\/v2\/users\/1"}],"replies":[{"embeddable":true,"href":"https:\/\/www.rhuitsept.fr\/en\/wp-json\/wp\/v2\/comments?post=5264"}],"version-history":[{"count":56,"href":"https:\/\/www.rhuitsept.fr\/en\/wp-json\/wp\/v2\/pages\/5264\/revisions"}],"predecessor-version":[{"id":11117,"href":"https:\/\/www.rhuitsept.fr\/en\/wp-json\/wp\/v2\/pages\/5264\/revisions\/11117"}],"wp:attachment":[{"href":"https:\/\/www.rhuitsept.fr\/en\/wp-json\/wp\/v2\/media?parent=5264"}],"curies":[{"name":"wp","href":"https:\/\/api.w.org\/{rel}","templated":true}]}}