{"id":1558,"date":"2021-03-11T13:48:12","date_gmt":"2021-03-11T13:48:12","guid":{"rendered":"https:\/\/www.rhuitsept.fr\/?page_id=1558"},"modified":"2026-01-25T10:24:56","modified_gmt":"2026-01-25T10:24:56","slug":"faq","status":"publish","type":"page","link":"https:\/\/www.rhuitsept.fr\/en\/faq\/","title":{"rendered":"faq"},"content":{"rendered":"<div data-elementor-type=\"wp-page\" data-elementor-id=\"1558\" class=\"elementor elementor-1558\">\n\t\t\t\t\t\t<section class=\"elementor-section elementor-top-section elementor-element elementor-element-1e094e01 elementor-section-height-min-height elementor-section-boxed elementor-section-height-default elementor-section-items-middle\" data-id=\"1e094e01\" data-element_type=\"section\" data-e-type=\"section\" data-settings=\"{&quot;background_background&quot;:&quot;classic&quot;}\">\n\t\t\t\t\t\t<div class=\"elementor-container elementor-column-gap-default\">\n\t\t\t\t\t<div class=\"elementor-column elementor-col-100 elementor-top-column elementor-element elementor-element-5ca920a0\" data-id=\"5ca920a0\" data-element_type=\"column\" data-e-type=\"column\">\n\t\t\t<div class=\"elementor-widget-wrap elementor-element-populated\">\n\t\t\t\t\t\t<div class=\"elementor-element elementor-element-640d0399 elementor-widget elementor-widget-heading\" data-id=\"640d0399\" data-element_type=\"widget\" data-e-type=\"widget\" data-widget_type=\"heading.default\">\n\t\t\t\t<div class=\"elementor-widget-container\">\n\t\t\t\t\t<h1 class=\"elementor-heading-title elementor-size-default\">questions fr\u00e9quentes<\/h1>\t\t\t\t<\/div>\n\t\t\t\t<\/div>\n\t\t\t\t\t<\/div>\n\t\t<\/div>\n\t\t\t\t\t<\/div>\n\t\t<\/section>\n\t\t\t\t<section class=\"elementor-section elementor-top-section elementor-element elementor-element-3de5e95 elementor-section-boxed elementor-section-height-default elementor-section-height-default\" data-id=\"3de5e95\" data-element_type=\"section\" data-e-type=\"section\">\n\t\t\t\t\t\t<div class=\"elementor-container elementor-column-gap-default\">\n\t\t\t\t\t<div class=\"elementor-column elementor-col-100 elementor-top-column elementor-element elementor-element-62ce015\" data-id=\"62ce015\" data-element_type=\"column\" data-e-type=\"column\">\n\t\t\t<div class=\"elementor-widget-wrap elementor-element-populated\">\n\t\t\t\t\t\t<div class=\"elementor-element elementor-element-9cd97ac elementor-widget elementor-widget-text-editor\" data-id=\"9cd97ac\" data-element_type=\"widget\" data-e-type=\"widget\" data-widget_type=\"text-editor.default\">\n\t\t\t\t<div class=\"elementor-widget-container\">\n\t\t\t\t\t\t\t\t\t<h2><span style=\"background-color: #e79d59;\">G\u00e9n\u00e9ral<\/span><\/h2>\t\t\t\t\t\t\t\t<\/div>\n\t\t\t\t<\/div>\n\t\t\t\t<div class=\"elementor-element elementor-element-c1b6e5e elementor-widget elementor-widget-text-editor\" data-id=\"c1b6e5e\" data-element_type=\"widget\" data-e-type=\"widget\" data-widget_type=\"text-editor.default\">\n\t\t\t\t<div class=\"elementor-widget-container\">\n\t\t\t\t\t\t\t\t\t<p><b>Do you speak english ?<\/b><\/p><p>Yes we speak english too and we ship anywhere in the EU ! <br \/>We even have an English website for more informations \ud83d\udc49 <a href=\"https:\/\/www.rhuitsept.fr\/en\/pedalboards_made_in_europe\/\">www.rhuitsept.fr\/en<\/a><\/p><p><b>How to contact the workshop?<\/b><b><\/b><\/p><p>Before contacting the workshop, please take the time to read through these FAQs.<\/p><p>And if you haven't found the answer to your question \ud83d\udc49 use the <a href=\"https:\/\/www.rhuitsept.fr\/en\/contact\/\">contact form<\/a><\/p>\t\t\t\t\t\t\t\t<\/div>\n\t\t\t\t<\/div>\n\t\t\t\t\t<\/div>\n\t\t<\/div>\n\t\t\t\t\t<\/div>\n\t\t<\/section>\n\t\t\t\t<section class=\"elementor-section elementor-top-section elementor-element elementor-element-8982ef8 elementor-section-boxed elementor-section-height-default elementor-section-height-default\" data-id=\"8982ef8\" data-element_type=\"section\" data-e-type=\"section\">\n\t\t\t\t\t\t<div class=\"elementor-container elementor-column-gap-default\">\n\t\t\t\t\t<div class=\"elementor-column elementor-col-100 elementor-top-column elementor-element elementor-element-b88700c\" data-id=\"b88700c\" data-element_type=\"column\" data-e-type=\"column\">\n\t\t\t<div class=\"elementor-widget-wrap elementor-element-populated\">\n\t\t\t\t\t\t<div class=\"elementor-element elementor-element-e7942d1 elementor-widget elementor-widget-text-editor\" data-id=\"e7942d1\" data-element_type=\"widget\" data-e-type=\"widget\" data-widget_type=\"text-editor.default\">\n\t\t\t\t<div class=\"elementor-widget-container\">\n\t\t\t\t\t\t\t\t\t<h2><span style=\"background-color: #ffc0be;\">Wiring service<br \/><\/span><\/h2>\t\t\t\t\t\t\t\t<\/div>\n\t\t\t\t<\/div>\n\t\t\t\t<div class=\"elementor-element elementor-element-ba262e8 elementor-widget elementor-widget-text-editor\" data-id=\"ba262e8\" data-element_type=\"widget\" data-e-type=\"widget\" data-widget_type=\"text-editor.default\">\n\t\t\t\t<div class=\"elementor-widget-container\">\n\t\t\t\t\t\t\t\t\t<p><b>How does pedalboard wiring work?<\/b><b><\/b><\/p><ol><li>You make an online estimate for your project.<\/li><li>If you are happy with the price range, you request a quote using the dedicated form.<\/li><li>We check your project and send you the corresponding quote.<\/li><li>Once you have approved the quote, we ask for a 30% deposit and work with you to set the schedule.<\/li><li>You ship or drop off your equipment (we will send you all the shipping recommendations).<\/li><li>We will wire your pedalboard according to the established schedule.<\/li><li>Once your project is complete and the balance has been paid, we will ship your wired pedalboard back to you.<\/li><li>Now it's your turn to play! \ud83c\udfb8<\/li><\/ol><p><b>Which brand of pedalboard can you wire?<\/b><b><\/b><\/p><p>We wire all brands of pedalboards, without exception.<\/p><p>Whether you have a standard model or a more unusual pedalboard, we adapt the wiring to your equipment and your needs.<\/p><p><strong>What are the lead times <\/strong><strong>for wiring?<\/strong><\/p><p>For a wiring job, you should allow several weeks between the time the equipment is shipped, the wiring is completed in the workshop, and any unforeseen circumstances.<\/p><p>We try as much as possible to match our schedule with yours in order to reduce these delays as much as possible and thus minimize the absence of your gear.<\/p><p><b>Is it possible to discuss my project in advance?<\/b><b><\/b><\/p><p>Of course! \ud83d\udc49 Simply use the contact form to start the discussion and we can talk about your project.<\/p><p><b>How do I ship my equipment?<\/b><b><\/b><\/p><p>Don't worry, we'll send you a list of practical recommendations for shipping your equipment safely.<\/p><p>You can also choose to drop it off directly at the workshop, by appointment.<\/p><p><b>What payment methods are accepted?<\/b><b><\/b><\/p><ul><li>Credit cart<\/li><li>Bank transfer*<\/li><\/ul><p>A secure link will be sent to you to pay your deposit or the balance of your order.<\/p><p><em>* Bank transfers may require additional verification time.<\/em><\/p><p><b>Why do you require a 30% deposit?<\/b><b><\/b><\/p><p>Following a number of unpaid bills and late payments that have weakened our small business, we now require a 30% deposit upon approval of the quote.<\/p><p>This allows us to better organize ourselves and secure your project.<\/p>\t\t\t\t\t\t\t\t<\/div>\n\t\t\t\t<\/div>\n\t\t\t\t\t<\/div>\n\t\t<\/div>\n\t\t\t\t\t<\/div>\n\t\t<\/section>\n\t\t\t\t<section class=\"elementor-section elementor-top-section elementor-element elementor-element-e16360e elementor-section-boxed elementor-section-height-default elementor-section-height-default\" data-id=\"e16360e\" data-element_type=\"section\" data-e-type=\"section\">\n\t\t\t\t\t\t<div class=\"elementor-container elementor-column-gap-default\">\n\t\t\t\t\t<div class=\"elementor-column elementor-col-100 elementor-top-column elementor-element elementor-element-de1b951\" data-id=\"de1b951\" data-element_type=\"column\" data-e-type=\"column\">\n\t\t\t<div class=\"elementor-widget-wrap elementor-element-populated\">\n\t\t\t\t\t\t<div class=\"elementor-element elementor-element-4327753 elementor-widget elementor-widget-text-editor\" data-id=\"4327753\" data-element_type=\"widget\" data-e-type=\"widget\" data-widget_type=\"text-editor.default\">\n\t\t\t\t<div class=\"elementor-widget-container\">\n\t\t\t\t\t\t\t\t\t<h2><span style=\"background-color: #c0d6df;\">Cables shop<br \/><\/span><\/h2>\t\t\t\t\t\t\t\t<\/div>\n\t\t\t\t<\/div>\n\t\t\t\t<div class=\"elementor-element elementor-element-64edb39 elementor-widget elementor-widget-text-editor\" data-id=\"64edb39\" data-element_type=\"widget\" data-e-type=\"widget\" data-widget_type=\"text-editor.default\">\n\t\t\t\t<div class=\"elementor-widget-container\">\n\t\t\t\t\t\t\t\t\t<p><b>What are the shipping costs?<\/b><b><\/b><\/p><ul><li>No delivery in pick-up point available<\/li><li>\u20ac15.90 for home delivery<\/li><\/ul><p><b>Which countries do you ship to?<\/b><b><\/b><\/p><p>We ship to all European Union member countries<\/p><p><b>What are the manufacturing lead times?<\/b><b><\/b><\/p><p>Our cables are made to order.<\/p><p>In order to optimize the manufacturing process (supply, stock, quality, etc.) and guarantee a fair price, we group all orders placed in a month and manufacture them the following month.<i> Example: an order placed in September will be shipped in October.<\/i><\/p><p><b>Do you offer custom-made cables?<\/b><b><\/b><\/p><p>Yes! Simply contact us via the contact form to explain your requirements.<\/p><p><b>Why do I have to pay when I place my order?<\/b><b><\/b><\/p><p>This allows us to simplify the management of our small business and protect ourselves against unpaid bills.<\/p><p><b>What is the quality of your cables?<\/b><b><\/b><\/p><p>Our cables comply with the standards you find in stores.<\/p><p>The real added value lies in:<\/p><ul><li>Supporting a small business<\/li><li>Benefiting from carefully manufactured, made-to-order cables<\/li><\/ul><p><b>I have another question...<\/b><b><\/b><\/p><p>No problem, just use the <a href=\"https:\/\/www.rhuitsept.fr\/en\/contact\/\">contact form<\/a> to write to us.<\/p>\t\t\t\t\t\t\t\t<\/div>\n\t\t\t\t<\/div>\n\t\t\t\t\t<\/div>\n\t\t<\/div>\n\t\t\t\t\t<\/div>\n\t\t<\/section>\n\t\t\t\t<\/div>","protected":false},"excerpt":{"rendered":"<p>questions fr\u00e9quentes G\u00e9n\u00e9ral Do you speak english ? Yes we speak english too and we ship anywhere in the EU ! We even have an English website for more informations \ud83d\udc49 www.rhuitsept.fr\/en Comment contacter l\u2019atelier\u00a0? Avant de contacter l\u2019atelier, prends le temps de parcourir cet FAQ. Et si tu n\u2019as pas trouv\u00e9 la r\u00e9ponse \u00e0 [&hellip;]<\/p>\n","protected":false},"author":1,"featured_media":0,"parent":0,"menu_order":0,"comment_status":"closed","ping_status":"closed","template":"elementor_header_footer","meta":{"footnotes":""},"class_list":["post-1558","page","type-page","status-publish","hentry","entry","owp-thumbs-layout-horizontal","owp-btn-normal","owp-tabs-layout-vertical","has-no-thumbnails","has-product-nav"],"yoast_head":"<!-- This site is optimized with the Yoast SEO plugin v27.1.1 - https:\/\/yoast.com\/product\/yoast-seo-wordpress\/ -->\n<title>faq &#8211; rhuitsept<\/title>\n<meta name=\"robots\" content=\"index, follow, max-snippet:-1, max-image-preview:large, max-video-preview:-1\" \/>\n<link rel=\"canonical\" href=\"https:\/\/www.rhuitsept.fr\/en\/faq\/\" \/>\n<meta name=\"twitter:card\" content=\"summary_large_image\" \/>\n<meta name=\"twitter:title\" content=\"faq &#8211; rhuitsept\" \/>\n<meta name=\"twitter:description\" content=\"questions fr\u00e9quentes G\u00e9n\u00e9ral Do you speak english ? Yes we speak english too and we ship anywhere in the EU ! We even have an English website for more informations \ud83d\udc49 www.rhuitsept.fr\/en Comment contacter l\u2019atelier\u00a0? Avant de contacter l\u2019atelier, prends le temps de parcourir cet FAQ. Et si tu n\u2019as pas trouv\u00e9 la r\u00e9ponse \u00e0 [&hellip;]\" \/>\n<meta name=\"twitter:label1\" content=\"Est. reading time\" \/>\n\t<meta name=\"twitter:data1\" content=\"4 minutes\" \/>\n<script type=\"application\/ld+json\" class=\"yoast-schema-graph\">{\"@context\":\"https:\/\/schema.org\",\"@graph\":[{\"@type\":\"WebPage\",\"@id\":\"https:\/\/www.rhuitsept.fr\/faq\/\",\"url\":\"https:\/\/www.rhuitsept.fr\/faq\/\",\"name\":\"faq &#8211; rhuitsept\",\"isPartOf\":{\"@id\":\"https:\/\/www.rhuitsept.fr\/#website\"},\"datePublished\":\"2021-03-11T13:48:12+00:00\",\"dateModified\":\"2026-01-25T10:24:56+00:00\",\"inLanguage\":\"en-EU\",\"potentialAction\":[{\"@type\":\"ReadAction\",\"target\":[\"https:\/\/www.rhuitsept.fr\/faq\/\"]}]},{\"@type\":\"WebSite\",\"@id\":\"https:\/\/www.rhuitsept.fr\/#website\",\"url\":\"https:\/\/www.rhuitsept.fr\/\",\"name\":\"rhuitsept\",\"description\":\"Atelier 100% pedalboards made in France\",\"publisher\":{\"@id\":\"https:\/\/www.rhuitsept.fr\/#organization\"},\"potentialAction\":[{\"@type\":\"SearchAction\",\"target\":{\"@type\":\"EntryPoint\",\"urlTemplate\":\"https:\/\/www.rhuitsept.fr\/?s={search_term_string}\"},\"query-input\":{\"@type\":\"PropertyValueSpecification\",\"valueRequired\":true,\"valueName\":\"search_term_string\"}}],\"inLanguage\":\"en-EU\"},{\"@type\":\"Organization\",\"@id\":\"https:\/\/www.rhuitsept.fr\/#organization\",\"name\":\"rhuitsept\",\"url\":\"https:\/\/www.rhuitsept.fr\/\",\"logo\":{\"@type\":\"ImageObject\",\"inLanguage\":\"en-EU\",\"@id\":\"https:\/\/www.rhuitsept.fr\/#\/schema\/logo\/image\/\",\"url\":\"https:\/\/www.rhuitsept.fr\/wp-content\/uploads\/2020\/08\/LOGO_mini.png\",\"contentUrl\":\"https:\/\/www.rhuitsept.fr\/wp-content\/uploads\/2020\/08\/LOGO_mini.png\",\"width\":378,\"height\":378,\"caption\":\"rhuitsept\"},\"image\":{\"@id\":\"https:\/\/www.rhuitsept.fr\/#\/schema\/logo\/image\/\"},\"sameAs\":[\"https:\/\/www.facebook.com\/rhuitsept\",\"https:\/\/www.instagram.com\/rhuitsept\/\",\"https:\/\/www.youtube.com\/channel\/UC-rdiYbRcExwH5fzeduXUkA\"]}]}<\/script>\n<!-- \/ Yoast SEO plugin. -->","yoast_head_json":{"title":"faq &#8211; rhuitsept","robots":{"index":"index","follow":"follow","max-snippet":"max-snippet:-1","max-image-preview":"max-image-preview:large","max-video-preview":"max-video-preview:-1"},"canonical":"https:\/\/www.rhuitsept.fr\/en\/faq\/","twitter_card":"summary_large_image","twitter_title":"faq &#8211; rhuitsept","twitter_description":"questions fr\u00e9quentes G\u00e9n\u00e9ral Do you speak english ? Yes we speak english too and we ship anywhere in the EU ! We even have an English website for more informations \ud83d\udc49 www.rhuitsept.fr\/en Comment contacter l\u2019atelier\u00a0? Avant de contacter l\u2019atelier, prends le temps de parcourir cet FAQ. Et si tu n\u2019as pas trouv\u00e9 la r\u00e9ponse \u00e0 [&hellip;]","twitter_misc":{"Est. reading time":"4 minutes"},"schema":{"@context":"https:\/\/schema.org","@graph":[{"@type":"WebPage","@id":"https:\/\/www.rhuitsept.fr\/faq\/","url":"https:\/\/www.rhuitsept.fr\/faq\/","name":"faq &#8211; rhuitsept","isPartOf":{"@id":"https:\/\/www.rhuitsept.fr\/#website"},"datePublished":"2021-03-11T13:48:12+00:00","dateModified":"2026-01-25T10:24:56+00:00","inLanguage":"en-EU","potentialAction":[{"@type":"ReadAction","target":["https:\/\/www.rhuitsept.fr\/faq\/"]}]},{"@type":"WebSite","@id":"https:\/\/www.rhuitsept.fr\/#website","url":"https:\/\/www.rhuitsept.fr\/","name":"rhuitsept","description":"Atelier 100% pedalboards made in France","publisher":{"@id":"https:\/\/www.rhuitsept.fr\/#organization"},"potentialAction":[{"@type":"SearchAction","target":{"@type":"EntryPoint","urlTemplate":"https:\/\/www.rhuitsept.fr\/?s={search_term_string}"},"query-input":{"@type":"PropertyValueSpecification","valueRequired":true,"valueName":"search_term_string"}}],"inLanguage":"en-EU"},{"@type":"Organization","@id":"https:\/\/www.rhuitsept.fr\/#organization","name":"rhuitsept","url":"https:\/\/www.rhuitsept.fr\/","logo":{"@type":"ImageObject","inLanguage":"en-EU","@id":"https:\/\/www.rhuitsept.fr\/#\/schema\/logo\/image\/","url":"https:\/\/www.rhuitsept.fr\/wp-content\/uploads\/2020\/08\/LOGO_mini.png","contentUrl":"https:\/\/www.rhuitsept.fr\/wp-content\/uploads\/2020\/08\/LOGO_mini.png","width":378,"height":378,"caption":"rhuitsept"},"image":{"@id":"https:\/\/www.rhuitsept.fr\/#\/schema\/logo\/image\/"},"sameAs":["https:\/\/www.facebook.com\/rhuitsept","https:\/\/www.instagram.com\/rhuitsept\/","https:\/\/www.youtube.com\/channel\/UC-rdiYbRcExwH5fzeduXUkA"]}]}},"_links":{"self":[{"href":"https:\/\/www.rhuitsept.fr\/en\/wp-json\/wp\/v2\/pages\/1558","targetHints":{"allow":["GET"]}}],"collection":[{"href":"https:\/\/www.rhuitsept.fr\/en\/wp-json\/wp\/v2\/pages"}],"about":[{"href":"https:\/\/www.rhuitsept.fr\/en\/wp-json\/wp\/v2\/types\/page"}],"author":[{"embeddable":true,"href":"https:\/\/www.rhuitsept.fr\/en\/wp-json\/wp\/v2\/users\/1"}],"replies":[{"embeddable":true,"href":"https:\/\/www.rhuitsept.fr\/en\/wp-json\/wp\/v2\/comments?post=1558"}],"version-history":[{"count":145,"href":"https:\/\/www.rhuitsept.fr\/en\/wp-json\/wp\/v2\/pages\/1558\/revisions"}],"predecessor-version":[{"id":11151,"href":"https:\/\/www.rhuitsept.fr\/en\/wp-json\/wp\/v2\/pages\/1558\/revisions\/11151"}],"wp:attachment":[{"href":"https:\/\/www.rhuitsept.fr\/en\/wp-json\/wp\/v2\/media?parent=1558"}],"curies":[{"name":"wp","href":"https:\/\/api.w.org\/{rel}","templated":true}]}}